{"id":226041,"date":"2024-09-02T13:50:09","date_gmt":"2024-09-02T10:50:09","guid":{"rendered":"https:\/\/www.timotapaninen.fi\/lapinleisku\/?page_id=226041"},"modified":"2024-10-01T06:54:07","modified_gmt":"2024-10-01T06:54:07","slug":"meista","status":"publish","type":"page","link":"https:\/\/lapinleisku.fi\/en\/meista\/","title":{"rendered":"About us"},"content":{"rendered":"[et_pb_section fb_built=&#8221;1&#8243; admin_label=&#8221;Osio&#8221; _builder_version=&#8221;4.27.0&#8243; _module_preset=&#8221;default&#8221; background_color=&#8221;#212121&#8243; max_height=&#8221;130px&#8221; max_height_tablet=&#8221;100px&#8221; max_height_phone=&#8221;85px&#8221; max_height_last_edited=&#8221;on|desktop&#8221; custom_padding=&#8221;0px||0px|||&#8221; sticky_position=&#8221;top&#8221; global_module=&#8221;226152&#8243; saved_tabs=&#8221;all&#8221; global_colors_info=&#8221;{}&#8221; background__sticky_enabled=&#8221;on|sticky&#8221; background_color__sticky=&#8221;rgba(0,0,0,0.66)&#8221; background_enable_color__sticky=&#8221;on&#8221;][et_pb_row column_structure=&#8221;1_5,3_5,1_5&#8243; make_equal=&#8221;on&#8221; custom_padding_last_edited=&#8221;on|tablet&#8221; disabled_on=&#8221;on|on|off&#8221; _builder_version=&#8221;4.27.0&#8243; _module_preset=&#8221;default&#8221; width=&#8221;90%&#8221; max_width=&#8221;1920px&#8221; custom_padding=&#8221;25px||||false|false&#8221; custom_padding_tablet=&#8221;&#8221; custom_padding_phone=&#8221;&#8221; custom_css_main_element=&#8221;display:flex;&#8221; global_colors_info=&#8221;{}&#8221; custom_padding__sticky_enabled=&#8221;on|sticky&#8221; custom_padding__sticky=&#8221;30px||30px||false|false&#8221;][et_pb_column type=&#8221;1_5&#8243; _builder_version=&#8221;4.18.0&#8243; _module_preset=&#8221;default&#8221; global_colors_info=&#8221;{}&#8221;][et_pb_image src=&#8221;https:\/\/lapinleisku.fi\/wp-content\/uploads\/2024\/09\/Lapin-leisku-logo-uusi.png&#8221; title_text=&#8221;Lapin leisku logo uusi&#8221; _builder_version=&#8221;4.27.0&#8243; _module_preset=&#8221;default&#8221; max_width=&#8221;200px&#8221; module_alignment=&#8221;center&#8221; custom_padding_tablet=&#8221;&#8221; custom_padding_phone=&#8221;6px||||false|false&#8221; custom_padding_last_edited=&#8221;on|phone&#8221; global_colors_info=&#8221;{}&#8221; max_width__sticky_enabled=&#8221;off|desktop&#8221; max_width__sticky=&#8221;80%&#8221;][\/et_pb_image][\/et_pb_column][et_pb_column type=&#8221;3_5&#8243; _builder_version=&#8221;4.27.0&#8243; _module_preset=&#8221;default&#8221; custom_css_main_element=&#8221;margin: auto auto 0;&#8221; global_colors_info=&#8221;{}&#8221;][et_pb_menu menu_style=&#8221;centered&#8221; submenu_direction=&#8221;downwards&#8221; dropdown_menu_bg_color=&#8221;rgba(0,0,0,0.8)&#8221; dropdown_menu_line_color=&#8221;#FF62AD&#8221; dropdown_menu_text_color=&#8221;#FFFFFF&#8221; dropdown_menu_active_link_color=&#8221;#FF62AD&#8221; mobile_menu_bg_color=&#8221;rgba(0,0,0,0.8)&#8221; mobile_menu_text_color=&#8221;#FFFFFF&#8221; _builder_version=&#8221;4.18.0&#8243; _module_preset=&#8221;default&#8221; menu_font=&#8221;|||on|||||&#8221; menu_text_color=&#8221;#FFFFFF&#8221; background_enable_color=&#8221;off&#8221; custom_padding=&#8221;4px||||false|false&#8221; global_colors_info=&#8221;{}&#8221;][\/et_pb_menu][\/et_pb_column][et_pb_column type=&#8221;1_5&#8243; _builder_version=&#8221;4.27.0&#8243; _module_preset=&#8221;default&#8221; custom_css_main_element=&#8221;margin: auto auto 0;&#8221; global_colors_info=&#8221;{}&#8221;][et_pb_button button_url=&#8221;#yhteys&#8221; button_text=&#8221;Ota yhteytt\u00e4&#8221; button_alignment=&#8221;left&#8221; _builder_version=&#8221;4.27.0&#8243; _module_preset=&#8221;default&#8221; custom_button=&#8221;on&#8221; button_text_size=&#8221;12px&#8221; button_text_color=&#8221;#FFFFFF&#8221; button_border_color=&#8221;#A00AAA&#8221; button_border_radius=&#8221;10px&#8221; button_font=&#8221;|700||on|||||&#8221; button_use_icon=&#8221;off&#8221; custom_margin=&#8221;0px||0px||false|false&#8221; custom_margin_tablet=&#8221;0px||0px||false|false&#8221; custom_margin_phone=&#8221;3px||90px||false|false&#8221; custom_margin_last_edited=&#8221;on|desktop&#8221; custom_padding=&#8221;8px||8px||true|false&#8221; custom_padding_tablet=&#8221;|52px||52px|false|true&#8221; custom_padding_phone=&#8221;3px|7px|3px|7px|true|true&#8221; custom_padding_last_edited=&#8221;on|tablet&#8221; locked=&#8221;off&#8221; global_colors_info=&#8221;{}&#8221; button_bg_color__hover_enabled=&#8221;on|desktop&#8221; button_bg_color__hover=&#8221;#DF30E5&#8243; button_bg_enable_color__hover=&#8221;on&#8221; button_letter_spacing__hover_enabled=&#8221;on|hover&#8221; button_letter_spacing__hover=&#8221;0px&#8221; button_border_color__hover_enabled=&#8221;on|hover&#8221; button_border_color__hover=&#8221;#DF30E5&#8243;][\/et_pb_button][\/et_pb_column][\/et_pb_row][et_pb_row custom_padding_last_edited=&#8221;on|phone&#8221; disabled_on=&#8221;off|off|on&#8221; _builder_version=&#8221;4.18.0&#8243; _module_preset=&#8221;default&#8221; width=&#8221;100%&#8221; custom_padding=&#8221;50px||||false|false&#8221; custom_padding_tablet=&#8221;20px||||false|false&#8221; custom_padding_phone=&#8221;&#8221; custom_css_main_element=&#8221;display:flex;&#8221; global_colors_info=&#8221;{}&#8221; custom_padding__sticky_enabled=&#8221;on|desktop&#8221; custom_padding__sticky=&#8221;30px||30px||false|false&#8221;][et_pb_column type=&#8221;4_4&#8243; _builder_version=&#8221;4.18.0&#8243; _module_preset=&#8221;default&#8221; global_colors_info=&#8221;{}&#8221;][et_pb_menu menu_id=&#8221;50&#8243; menu_style=&#8221;centered&#8221; submenu_direction=&#8221;downwards&#8221; dropdown_menu_bg_color=&#8221;RGBA(255,255,255,0)&#8221; dropdown_menu_line_color=&#8221;#A00AAA&#8221; dropdown_menu_text_color=&#8221;#FFFFFF&#8221; dropdown_menu_active_link_color=&#8221;#EFE538&#8243; mobile_menu_bg_color=&#8221;rgba(0,0,0,0.8)&#8221; mobile_menu_text_color=&#8221;#FFFFFF&#8221; logo=&#8221;http:\/\/www.timotapaninen.fi\/lapinleisku\/wp-content\/uploads\/2024\/09\/Lapin-leisku-vanha-logo.jpg&#8221; logo_max_width=&#8221;100px&#8221; cart_icon_color=&#8221;#DF30E5&#8243; search_icon_color=&#8221;#DF30E5&#8243; menu_icon_color=&#8221;#DF30E5&#8243; _builder_version=&#8221;4.27.0&#8243; _module_preset=&#8221;default&#8221; menu_font=&#8221;|||on|||||&#8221; menu_text_color=&#8221;#FFFFFF&#8221; menu_font_size=&#8221;13px&#8221; menu_line_height=&#8221;1.1em&#8221; background_enable_color=&#8221;off&#8221; global_colors_info=&#8221;{}&#8221;][\/et_pb_menu][\/et_pb_column][\/et_pb_row][\/et_pb_section][et_pb_section fb_built=&#8221;1&#8243; custom_padding_last_edited=&#8221;on|phone&#8221; _builder_version=&#8221;4.27.0&#8243; _module_preset=&#8221;default&#8221; background_color=&#8221;#000000&#8243; background_enable_image=&#8221;off&#8221; background_position=&#8221;top_center&#8221; overflow-x=&#8221;hidden&#8221; overflow-y=&#8221;hidden&#8221; custom_margin=&#8221;0px||0px||false|false&#8221; custom_padding=&#8221;0px||0px||false|false&#8221; custom_padding_tablet=&#8221;50px||0px||false|false&#8221; custom_padding_phone=&#8221;0px||0px||false|false&#8221; animation_style=&#8221;fade&#8221; animation_speed_curve=&#8221;ease&#8221; background_last_edited=&#8221;off|desktop&#8221; background_position_tablet=&#8221;bottom_right&#8221; background_position_phone=&#8221;center&#8221; global_colors_info=&#8221;{}&#8221; theme_builder_area=&#8221;post_content&#8221;][et_pb_row column_structure=&#8221;1_3,2_3&#8243; use_custom_gutter=&#8221;on&#8221; gutter_width=&#8221;2&#8243; make_equal=&#8221;on&#8221; custom_padding_last_edited=&#8221;on|phone&#8221; _builder_version=&#8221;4.27.0&#8243; _module_preset=&#8221;default&#8221; width=&#8221;100%&#8221; max_width=&#8221;2560px&#8221; custom_padding=&#8221;0px||25px||false|false&#8221; custom_padding_tablet=&#8221;0px||25px|3vw|false|false&#8221; custom_padding_phone=&#8221;0px||25px|3vw|false|false&#8221; hover_enabled=&#8221;0&#8243; global_colors_info=&#8221;{}&#8221; theme_builder_area=&#8221;post_content&#8221; sticky_enabled=&#8221;0&#8243;][et_pb_column type=&#8221;1_3&#8243; _builder_version=&#8221;4.27.0&#8243; _module_preset=&#8221;default&#8221; background_image=&#8221;https:\/\/lapinleisku.fi\/wp-content\/uploads\/2024\/09\/Pia-ja-Juha.jpg&#8221; background_size=&#8221;contain&#8221; background_position=&#8221;top_left&#8221; custom_padding=&#8221;|||20vw|false|false&#8221; custom_padding_tablet=&#8221;|5vw||5vw|false|true&#8221; custom_padding_phone=&#8221;|5vw||5vw|false|true&#8221; custom_padding_last_edited=&#8221;on|phone&#8221; hover_enabled=&#8221;0&#8243; background_last_edited=&#8221;on|tablet&#8221; use_background_color_gradient_tablet=&#8221;off&#8221; background_color_gradient_overlays_image_tablet=&#8221;on&#8221; background_image_phone=&#8221;http:\/\/www.timotapaninen.fi\/lapinleisku\/wp-content\/uploads\/2024\/04\/Evigo-verkkosivut.jpg&#8221; background_enable_image_tablet=&#8221;off&#8221; background_enable_image_phone=&#8221;on&#8221; background_position_phone=&#8221;center&#8221; global_colors_info=&#8221;{}&#8221; theme_builder_area=&#8221;post_content&#8221; alt=&#8221;Pia ja Juha&#8221; title_text=&#8221;Pia ja Juha&#8221; sticky_enabled=&#8221;0&#8243;][\/et_pb_column][et_pb_column type=&#8221;2_3&#8243; _builder_version=&#8221;4.27.0&#8243; _module_preset=&#8221;default&#8221; global_colors_info=&#8221;{}&#8221; theme_builder_area=&#8221;post_content&#8221;][et_pb_divider show_divider=&#8221;off&#8221; _builder_version=&#8221;4.18.0&#8243; _module_preset=&#8221;default&#8221; height_tablet=&#8221;0px&#8221; height_phone=&#8221;0px&#8221; height_last_edited=&#8221;off|desktop&#8221; global_colors_info=&#8221;{}&#8221; theme_builder_area=&#8221;post_content&#8221;][\/et_pb_divider][et_pb_text _builder_version=&#8221;4.27.0&#8243; _module_preset=&#8221;default&#8221; header_font=&#8221;|900|||||||&#8221; header_text_align=&#8221;left&#8221; header_text_color=&#8221;#FFFFFF&#8221; header_font_size=&#8221;3vw&#8221; header_line_height=&#8221;1.1em&#8221; header_5_text_color=&#8221;#FFFFFF&#8221; header_5_font_size=&#8221;17px&#8221; header_6_text_color=&#8221;#DF30E5&#8243; header_6_font_size=&#8221;20px&#8221; max_width_tablet=&#8221;500px&#8221; max_width_phone=&#8221;500px&#8221; max_width_last_edited=&#8221;on|tablet&#8221; custom_margin=&#8221;0px||9px||false|false&#8221; custom_padding=&#8221;30px||0px||false|false&#8221; hover_enabled=&#8221;0&#8243; header_font_size_tablet=&#8221;6vw&#8221; header_font_size_phone=&#8221;8vw&#8221; header_font_size_last_edited=&#8221;on|tablet&#8221; global_colors_info=&#8221;{}&#8221; theme_builder_area=&#8221;post_content&#8221; sticky_enabled=&#8221;0&#8243;]\n<h1>Contact information<span><\/span><\/h1>\n[\/et_pb_text][et_pb_text _builder_version=&#8221;4.27.0&#8243; _module_preset=&#8221;default&#8221; text_font=&#8221;||||||||&#8221; text_text_color=&#8221;#FF62AD&#8221; text_font_size=&#8221;18px&#8221; text_line_height=&#8221;1.6em&#8221; header_2_font_size=&#8221;18px&#8221; custom_margin=&#8221;0px||29px||false|false&#8221; custom_padding=&#8221;0px||0px||false|false&#8221; hover_enabled=&#8221;0&#8243; global_colors_info=&#8221;{}&#8221; theme_builder_area=&#8221;post_content&#8221; sticky_enabled=&#8221;0&#8243;]\n<p><span style=\"color: #ffffff;\">Lapin Leisku Oy<\/span><\/p>\n<h2><span style=\"color: #ffffff;\">Niesintie 3539<br \/>97370 Unarin-L<\/span><span style=\"color: #ffffff;\">uusua<\/span><\/h2>\n<p><span style=\"color: #ffffff;\"><a href=\"tel:+358407621992\" style=\"color: #ffffff;\">040 762 1992<\/a><\/span><br \/><span style=\"color: #ffffff;\"><a href=\"mailto:lapinleisku@gmail.com\" style=\"color: #ffffff;\">lapinleisku@gmail.com<\/a><\/span><\/p>\n[\/et_pb_text][et_pb_image src=&#8221;https:\/\/lapinleisku.fi\/wp-content\/uploads\/2024\/09\/Pia-ja-Juha.jpg&#8221; title_text=&#8221;Pia ja Juha&#8221; disabled_on=&#8221;off|off|on&#8221; _builder_version=&#8221;4.27.0&#8243; _module_preset=&#8221;default&#8221; max_width_tablet=&#8221;50%&#8221; max_width_phone=&#8221;350px&#8221; max_width_last_edited=&#8221;on|phone&#8221; module_alignment=&#8221;left&#8221; hover_enabled=&#8221;0&#8243; global_colors_info=&#8221;{}&#8221; theme_builder_area=&#8221;post_content&#8221; alt=&#8221;Pia ja Juha&#8221; sticky_enabled=&#8221;0&#8243;][\/et_pb_image][\/et_pb_column][\/et_pb_row][\/et_pb_section][et_pb_section fb_built=&#8221;1&#8243; _builder_version=&#8221;4.27.0&#8243; _module_preset=&#8221;default&#8221; background_image=&#8221;https:\/\/lapinleisku.fi\/wp-content\/uploads\/2024\/09\/9.jpg&#8221; parallax=&#8221;on&#8221; parallax_method=&#8221;off&#8221; global_colors_info=&#8221;{}&#8221;][et_pb_row _builder_version=&#8221;4.27.0&#8243; _module_preset=&#8221;default&#8221; background_color=&#8221;rgba(0,0,0,0.6)&#8221; width_tablet=&#8221;&#8221; width_phone=&#8221;95%&#8221; width_last_edited=&#8221;on|phone&#8221; custom_padding=&#8221;|20px||20px|false|true&#8221; global_colors_info=&#8221;{}&#8221;][et_pb_column type=&#8221;4_4&#8243; _builder_version=&#8221;4.27.0&#8243; _module_preset=&#8221;default&#8221; global_colors_info=&#8221;{}&#8221;][et_pb_text _builder_version=&#8221;4.27.0&#8243; _module_preset=&#8221;default&#8221; text_text_color=&#8221;#FFFFFF&#8221; header_2_text_color=&#8221;#FFFFFF&#8221; global_colors_info=&#8221;{}&#8221;]\n<h2>About us<\/h2>\n<p>Juha and Pia, we are two people whose ideas never run out, who have no shortage of courage, and where action is a way of life; as a result, it can become a 'village bar in the middle of nowhere.' Of course, House Leisku is just one part of our vibrant lifestyle entrepreneurship and life, where one thing naturally seems to lead to another.<\/p>\n<p>Juha is a trained construction engineer and Pia is a Master of Philosophy; this combination has worked well both in good times and bad times since 2013. Both enjoy being active, and the yard often reveals that there is much work in progress. Life signs should be visible, and perfection is never achieved\u2014this mindset has served us well. Moving to Unari in 2019 was the fulfillment of a dream, and we have not regretted a single day. The children have also adapted to the new life and no longer find it surprising.<\/p>\n<p>The old farm has been brought to a new era; people have welcomed us wonderfully, and the number of customers has completely surprised us. Thank you for that; this is a great starting point to continue from!<\/p>\n<p>Pia &amp; Juha<\/p>\n[\/et_pb_text][\/et_pb_column][\/et_pb_row][\/et_pb_section][et_pb_section fb_built=&#8221;1&#8243; _builder_version=&#8221;4.27.0&#8243; _module_preset=&#8221;default&#8221; background_color=&#8221;#000000&#8243; global_module=&#8221;226584&#8243; saved_tabs=&#8221;all&#8221; global_colors_info=&#8221;{}&#8221;][et_pb_row column_structure=&#8221;1_2,1_2&#8243; use_custom_gutter=&#8221;on&#8221; gutter_width=&#8221;2&#8243; custom_padding_last_edited=&#8221;on|phone&#8221; module_id=&#8221;yhteys&#8221; _builder_version=&#8221;4.27.0&#8243; _module_preset=&#8221;default&#8221; width=&#8221;90%&#8221; width_tablet=&#8221;90%&#8221; width_phone=&#8221;80%&#8221; width_last_edited=&#8221;on|phone&#8221; max_width=&#8221;1300px&#8221; custom_margin=&#8221;0px||0px||false|false&#8221; custom_padding=&#8221;0px||50px||false|false&#8221; custom_padding_tablet=&#8221;||25px||false|false&#8221; custom_padding_phone=&#8221;||25px||false|false&#8221; global_colors_info=&#8221;{}&#8221;][et_pb_column type=&#8221;1_2&#8243; _builder_version=&#8221;4.18.0&#8243; _module_preset=&#8221;default&#8221; custom_padding=&#8221;|20px|||false|false&#8221; global_colors_info=&#8221;{}&#8221;][et_pb_text _builder_version=&#8221;4.27.0&#8243; _module_preset=&#8221;default&#8221; text_text_color=&#8221;#FFFFFF&#8221; text_font_size=&#8221;45px&#8221; text_line_height=&#8221;1.2em&#8221; header_2_font=&#8221;|||on|||||&#8221; header_2_text_color=&#8221;#1F333E&#8221; header_2_font_size=&#8221;25px&#8221; header_3_font=&#8221;|||on|||||&#8221; header_3_text_color=&#8221;#DF30E5&#8243; header_3_font_size=&#8221;25px&#8221; custom_margin=&#8221;||-1px|||&#8221; custom_padding=&#8221;||15px||false|false&#8221; text_font_size_tablet=&#8221;45px&#8221; text_font_size_phone=&#8221;30px&#8221; text_font_size_last_edited=&#8221;on|phone&#8221; header_2_font_size_tablet=&#8221;25px&#8221; header_2_font_size_phone=&#8221;18px&#8221; header_2_font_size_last_edited=&#8221;on|phone&#8221; header_3_font_size_tablet=&#8221;45px&#8221; header_3_font_size_phone=&#8221;18px&#8221; header_3_font_size_last_edited=&#8221;on|phone&#8221; global_colors_info=&#8221;{}&#8221;]\n<h3>Contact<\/h3>\n<p>Send us a message easily<\/p>\n[\/et_pb_text][et_pb_text _builder_version=&#8221;4.27.0&#8243; _module_preset=&#8221;default&#8221; text_font=&#8221;||||||||&#8221; text_text_color=&#8221;#FFFFFF&#8221; text_font_size=&#8221;15px&#8221; text_line_height=&#8221;1.6em&#8221; custom_margin=&#8221;0px||0px||false|false&#8221; custom_padding=&#8221;0px||0px||false|false&#8221; global_colors_info=&#8221;{}&#8221;]\n<p>You can easily contact us using the message form. You can make table reservations, purchase tickets, book House Leisku or Villa Unari, or send feedback. We will respond to inquiries as quickly as possible.<\/p>\n[\/et_pb_text][\/et_pb_column][et_pb_column type=&#8221;1_2&#8243; _builder_version=&#8221;4.18.0&#8243; _module_preset=&#8221;default&#8221; custom_padding=&#8221;||||false|false&#8221; global_colors_info=&#8221;{}&#8221;][de_fb_form form_id=&#8221;contact&#8221; submit_button_text=&#8221;L\u00e4het\u00e4&#8221; disable_submit_for_required=&#8221;on&#8221; success_message=&#8221;Kiitos viestist\u00e4si, otamme yhteytt\u00e4 mahdollisimman pian.&#8221; failed_message=&#8221;Virhe viesti\u00e4 l\u00e4hett\u00e4ess\u00e4. Ole hyv\u00e4 ja yrit\u00e4 uudelleen.&#8221; use_custom_email=&#8221;off&#8221; custom_contact_email=&#8221;lapinleisku@gmail.com&#8221; from_email=&#8221;custom&#8221; custom_from_email=&#8221;lapinleisku@gmail.com&#8221; email_title=&#8221;Uusi viesti yhteydenottolomakkeella&#8221; email_template=&#8221;Uusi viesti:<br \/>\n%%nimi%%<br \/>\n%%email%%<br \/>\n%%viesti%%&#8221; send_copy_to_sender=&#8221;on&#8221; sender_email_field=&#8221;email&#8221; reply_from_email=&#8221;custom&#8221; reply_custom_from_email=&#8221;lapinleisku@gmail.com&#8221; reply_to_name=&#8221;Lapin Leisku Oy&#8221; reply_to_email=&#8221;lapinleisku@gmail.com&#8221; reply_email_title=&#8221;Lapin Leisku: Olemme vastaanottaneet viestisi&#8221; reply_email_template=&#8221;Kiitos viestist\u00e4si. Luemme kaikki saapuneet viestit ja vastaamme niihin mahdollisimman pian. Alla saamamme tiedot.<br \/>\n_____________<br \/>\n%%Nimi%%<br \/>\n%%Email%%<br \/>\n%%Viesti%%<br \/>\n_____________<\/p>\n<p>t: Pia ja Juha<br \/>\nLapin Leisku Oy<br \/>\n040 762 1992<br \/>\nlapinleisku@gmail.com&#8221; save_to_database=&#8221;on&#8221; google_recaptcha=&#8221;on&#8221; recaptcha_sitekey_type=&#8221;recaptcha_3&#8243; recaptcha_sitekey_v3=&#8221;6Ldq0ZEoAAAAABxKwiAP4ZWdFbx5X0Iko_Tmr71V&#8221; recaptcha_seckey_v3=&#8221;6Ldq0ZEoAAAAABmLRh7Dlwb75XbHtVyQTn0m-HRZ&#8221; _builder_version=&#8221;4.27.0&#8243; _module_preset=&#8221;default&#8221; form_field_background_color=&#8221;#ededed&#8221; form_field_text_color=&#8221;#000000&#8243; form_field_focus_text_color=&#8221;#000000&#8243; placeholder_text_text_color=&#8221;#6d6d6d&#8221; upload_description_text_color=&#8221;#000000&#8243; custom_button=&#8221;on&#8221; button_text_size=&#8221;13px&#8221; button_text_color=&#8221;#FFFFFF&#8221; button_bg_color=&#8221;#A00AAA&#8221; button_border_width=&#8221;0px&#8221; button_border_radius=&#8221;3px&#8221; button_font=&#8221;|700||on|||||&#8221; button_custom_padding=&#8221;14px|50px|14px|50px|true|true&#8221; custom_padding=&#8221;|25px||25px|false|true&#8221; border_radii=&#8221;on|3px|3px|3px|3px&#8221; border_width_all=&#8221;1px&#8221; border_color_bottom=&#8221;#000000&#8243; global_colors_info=&#8221;{}&#8221; button_bg_color__hover_enabled=&#8221;on|desktop&#8221; button_bg_color__hover=&#8221;#DF30E5&#8243; button_bg_enable_color__hover=&#8221;on&#8221;][de_fb_form_field field_title=&#8221;Nimi&#8221; admin_title=&#8221;Nimi&#8221; field_id=&#8221;Nimi&#8221; required_mark=&#8221;on&#8221; required_message=&#8221;Pakollinen tieto&#8221; field_grid_column=&#8221;et_pb_column_1_2&#8243; field_placeholder=&#8221;Nimi&#8221; description_text=&#8221;on&#8221; description_text_text=&#8221;Nimi&#8221; _builder_version=&#8221;4.27.0&#8243; _module_preset=&#8221;default&#8221; label_text_text_color=&#8221;#FFFFFF&#8221; field_description_text_color=&#8221;#FFFFFF&#8221; global_colors_info=&#8221;{}&#8221; form_step=&#8221;0&#8243; current_step=&#8221;0&#8243;][\/de_fb_form_field][de_fb_form_field field_title=&#8221;Email&#8221; admin_title=&#8221;Email&#8221; field_id=&#8221;Email&#8221; field_type=&#8221;email&#8221; email_message=&#8221;Ole hyv\u00e4 ja kirjoita hyv\u00e4ksytty s\u00e4hk\u00f6postiosoite&#8221; required_mark=&#8221;on&#8221; required_message=&#8221;Pakollinen tieto&#8221; field_grid_column=&#8221;et_pb_column_1_2&#8243; field_placeholder=&#8221;S\u00e4hk\u00f6posti&#8221; description_text=&#8221;on&#8221; description_text_text=&#8221;S\u00e4hk\u00f6posti&#8221; _builder_version=&#8221;4.27.0&#8243; _module_preset=&#8221;default&#8221; label_text_text_color=&#8221;#FFFFFF&#8221; field_description_text_color=&#8221;#FFFFFF&#8221; global_colors_info=&#8221;{}&#8221; form_step=&#8221;0&#8243; current_step=&#8221;0&#8243;][\/de_fb_form_field][de_fb_form_field field_title=&#8221;Viesti&#8221; admin_title=&#8221;Viesti&#8221; field_id=&#8221;Viesti&#8221; field_type=&#8221;text&#8221; required_mark=&#8221;on&#8221; required_message=&#8221;Pakollinen tieto&#8221; field_placeholder=&#8221;Viesti&#8221; description_text=&#8221;on&#8221; description_text_text=&#8221;Viesti&#8221; _builder_version=&#8221;4.27.0&#8243; _module_preset=&#8221;default&#8221; label_text_text_color=&#8221;#FFFFFF&#8221; field_description_text_color=&#8221;#FFFFFF&#8221; global_colors_info=&#8221;{}&#8221; form_step=&#8221;0&#8243; current_step=&#8221;0&#8243;][\/de_fb_form_field][\/de_fb_form][et_pb_text _builder_version=&#8221;4.23&#8243; _module_preset=&#8221;default&#8221; text_font_size=&#8221;10px&#8221; text_orientation=&#8221;right&#8221; locked=&#8221;off&#8221; global_colors_info=&#8221;{}&#8221;]\n<p>This site is protected by reCAPTCHA and the Google <span style=\"color: #333333;\"><a href=\"https:\/\/policies.google.com\/privacy\" style=\"color: #333333;\">Privacy Policy<\/a><\/span> and<span style=\"color: #333333;\"> <a href=\"https:\/\/policies.google.com\/terms\" style=\"color: #333333;\">Terms of Service<\/a> <\/span>apply.<\/p>\n[\/et_pb_text][et_pb_code _builder_version=&#8221;4.18.0&#8243; _module_preset=&#8221;default&#8221; global_colors_info=&#8221;{}&#8221;]\n<style><!-- [et_pb_line_break_holder] -->.et_contact_bottom_container{<!-- [et_pb_line_break_holder] -->   float: none;<!-- [et_pb_line_break_holder] --> }<!-- [et_pb_line_break_holder] --><\/style>\n[\/et_pb_code][\/et_pb_column][\/et_pb_row][\/et_pb_section]","protected":false},"excerpt":{"rendered":"<p>YhteystiedotLapin Leisku Oy Niesintie 353997370 Unarin-Luusua 040 762 1992lapinleisku@gmail.comMeist\u00e4 Juha ja Pia, me ollaan kaksi ihmist\u00e4, joilta ideat ei lopu, rohkeutta ei puutu ja toiminta on el\u00e4m\u00e4ntapa, silloin lopputulos voi olla vaikka \u201dkyl\u00e4baari, keskell\u00e4 ei mit\u00e4\u00e4n\u201d. Toki Leiskun Pirtti on vain yksi osa meid\u00e4n kerke\u00e4v\u00e4\u00e4 el\u00e4m\u00e4ntapayritt\u00e4mist\u00e4 ja el\u00e4m\u00e4\u00e4, jossa yksi asia n\u00e4ytt\u00e4\u00e4 luonnollisesti johtavan toiseen. [&hellip;]<\/p>","protected":false},"author":1,"featured_media":0,"parent":0,"menu_order":0,"comment_status":"closed","ping_status":"closed","template":"","meta":{"_seopress_robots_primary_cat":"","_seopress_titles_title":"Meist\u00e4 | Lapin Leisku","_seopress_titles_desc":"Lapin Leisku Oy | Niesintie 3539,\r\n97370 Unarin-Luusua | 040 762 1992 | lapinleisku@gmail.com","_seopress_robots_index":"","_et_pb_use_builder":"on","_et_pb_old_content":"<!-- wp:divi\/placeholder \/-->","_et_gb_content_width":"","footnotes":""},"class_list":["post-226041","page","type-page","status-publish","hentry"],"_links":{"self":[{"href":"https:\/\/lapinleisku.fi\/en\/wp-json\/wp\/v2\/pages\/226041","targetHints":{"allow":["GET"]}}],"collection":[{"href":"https:\/\/lapinleisku.fi\/en\/wp-json\/wp\/v2\/pages"}],"about":[{"href":"https:\/\/lapinleisku.fi\/en\/wp-json\/wp\/v2\/types\/page"}],"author":[{"embeddable":true,"href":"https:\/\/lapinleisku.fi\/en\/wp-json\/wp\/v2\/users\/1"}],"replies":[{"embeddable":true,"href":"https:\/\/lapinleisku.fi\/en\/wp-json\/wp\/v2\/comments?post=226041"}],"version-history":[{"count":19,"href":"https:\/\/lapinleisku.fi\/en\/wp-json\/wp\/v2\/pages\/226041\/revisions"}],"predecessor-version":[{"id":226788,"href":"https:\/\/lapinleisku.fi\/en\/wp-json\/wp\/v2\/pages\/226041\/revisions\/226788"}],"wp:attachment":[{"href":"https:\/\/lapinleisku.fi\/en\/wp-json\/wp\/v2\/media?parent=226041"}],"curies":[{"name":"wp","href":"https:\/\/api.w.org\/{rel}","templated":true}]}}